{"id":10226,"date":"2020-07-25T03:25:24","date_gmt":"2020-07-25T03:25:24","guid":{"rendered":"https:\/\/icecream-cones.com\/?page_id=10226"},"modified":"2020-07-31T03:41:19","modified_gmt":"2020-07-31T03:41:19","slug":"about-us","status":"publish","type":"page","link":"https:\/\/icecream-cones.com\/fr\/about-us\/","title":{"rendered":"\u00c0 propos de nous"},"content":{"rendered":"<div data-elementor-type=\"wp-page\" data-elementor-id=\"10226\" class=\"elementor elementor-10226\" data-elementor-post-type=\"page\"> \t\t\t\t\t\t<section class=\"elementor-section elementor-top-section elementor-element elementor-element-7cfb110 elementor-section-boxed elementor-section-height-default elementor-section-height-default\" data-id=\"7cfb110\" data-element_type=\"section\" data-e-type=\"section\"> \t\t\t\t\t\t<div class=\"elementor-container elementor-column-gap-default\"> \t\t\t\t\t<div class=\"elementor-column elementor-col-100 elementor-top-column elementor-element elementor-element-9e833ec\" data-id=\"9e833ec\" data-element_type=\"column\" data-e-type=\"column\"> \t\t\t<div class=\"elementor-widget-wrap elementor-element-populated\"> \t\t\t\t\t\t<div class=\"elementor-element elementor-element-34f649a elementor-widget elementor-widget-heading\" data-id=\"34f649a\" data-element_type=\"widget\" data-e-type=\"widget\" data-widget_type=\"heading.default\"> \t\t\t\t\t<h2 class=\"elementor-heading-title elementor-size-default\">Machines Cie., Ltd de Taizy.<\/h2>\t\t\t\t<\/div> \t\t\t\t\t<\/div> \t\t<\/div> \t\t\t\t\t<\/div> \t\t<\/section> \t\t\t\t<section class=\"elementor-section elementor-top-section elementor-element elementor-element-1d25c4d8 elementor-section-content-middle elementor-section-boxed elementor-section-height-default elementor-section-height-default\" data-id=\"1d25c4d8\" data-element_type=\"section\" data-e-type=\"section\"> \t\t\t\t\t\t<div class=\"elementor-container elementor-column-gap-no\"> \t\t\t\t\t<div class=\"elementor-column elementor-col-33 elementor-top-column elementor-element elementor-element-52397aad\" data-id=\"52397aad\" data-element_type=\"column\" data-e-type=\"column\"> \t\t\t<div class=\"elementor-widget-wrap elementor-element-populated\"> \t\t\t\t\t\t<div class=\"elementor-element elementor-element-780c5915 elementor-widget elementor-widget-text-editor\" data-id=\"780c5915\" data-element_type=\"widget\" data-e-type=\"widget\" data-widget_type=\"text-editor.default\"> \t\t\t\t\t\t\t\t\t<p>Profil Taizy<\/p>\t\t\t\t\t\t\t\t<\/div> \t\t\t\t<div class=\"elementor-element elementor-element-55197716 elementor-widget elementor-widget-heading\" data-id=\"55197716\" data-element_type=\"widget\" data-e-type=\"widget\" data-widget_type=\"heading.default\"> \t\t\t\t\t<h3 class=\"elementor-heading-title elementor-size-default\">\u00c0 propos de la soci\u00e9t\u00e9 Taizy<\/h3>\t\t\t\t<\/div> \t\t\t\t<div class=\"elementor-element elementor-element-83c5e95 elementor-widget elementor-widget-image\" data-id=\"83c5e95\" data-element_type=\"widget\" data-e-type=\"widget\" data-widget_type=\"image.default\"> \t\t\t\t\t\t\t\t\t\t\t\t\t\t\t<img fetchpriority=\"high\" decoding=\"async\" width=\"1707\" height=\"2560\" src=\"https:\/\/icecream-cones.com\/wp-content\/uploads\/2020\/07\/Taizy-company-building-scaled.jpg\" class=\"elementor-animation-grow attachment-large size-large wp-image-10426\" alt=\"B\u00e2timent de l&#039;entreprise Taizy\" srcset=\"https:\/\/icecream-cones.com\/wp-content\/uploads\/2020\/07\/Taizy-company-building-scaled.jpg 1707w, https:\/\/icecream-cones.com\/wp-content\/uploads\/2020\/07\/Taizy-company-building-180x270.jpg 180w, https:\/\/icecream-cones.com\/wp-content\/uploads\/2020\/07\/Taizy-company-building-768x1152.jpg 768w, https:\/\/icecream-cones.com\/wp-content\/uploads\/2020\/07\/Taizy-company-building-1024x1536.jpg 1024w, https:\/\/icecream-cones.com\/wp-content\/uploads\/2020\/07\/Taizy-company-building-1365x2048.jpg 1365w\" sizes=\"(max-width: 1707px) 100vw, 1707px\" \/>\t\t\t\t\t\t\t\t\t\t\t\t\t\t\t<\/div> \t\t\t\t\t<\/div> \t\t<\/div> \t\t\t\t<div class=\"elementor-column elementor-col-33 elementor-top-column elementor-element elementor-element-2593ae3f\" data-id=\"2593ae3f\" data-element_type=\"column\" data-e-type=\"column\"> \t\t\t<div class=\"elementor-widget-wrap elementor-element-populated\"> \t\t\t\t\t\t<div class=\"elementor-element elementor-element-ed6c65b elementor-widget elementor-widget-image\" data-id=\"ed6c65b\" data-element_type=\"widget\" data-e-type=\"widget\" data-widget_type=\"image.default\"> \t\t\t\t\t\t\t\t\t\t\t\t\t\t\t<img decoding=\"async\" width=\"600\" height=\"800\" src=\"https:\/\/icecream-cones.com\/wp-content\/uploads\/2020\/07\/Taizy-ice-cream-cone-machine-fatory.jpg\" class=\"elementor-animation-grow attachment-large size-large wp-image-10428\" alt=\"Usine de machine \u00e0 cornets de cr\u00e8me glac\u00e9e Taizy\" srcset=\"https:\/\/icecream-cones.com\/wp-content\/uploads\/2020\/07\/Taizy-ice-cream-cone-machine-fatory.jpg 600w, https:\/\/icecream-cones.com\/wp-content\/uploads\/2020\/07\/Taizy-ice-cream-cone-machine-fatory-203x270.jpg 203w\" sizes=\"(max-width: 600px) 100vw, 600px\" \/>\t\t\t\t\t\t\t\t\t\t\t\t\t\t\t<\/div> \t\t\t\t<div class=\"elementor-element elementor-element-567093f1 elementor-widget elementor-widget-text-editor\" data-id=\"567093f1\" data-element_type=\"widget\" data-e-type=\"widget\" data-widget_type=\"text-editor.default\"> \t\t\t\t\t\t\t\t\t<p><br \/>Taizy Machinery a \u00e9t\u00e9 cr\u00e9\u00e9e en 2011 et dispose actuellement d'une \u00e9quipe professionnelle de fabrication de machines et d'une \u00e9quipe de vente. Le groupe Taizy s'engage \u00e0 fournir un service sinc\u00e8re et des produits de haute qualit\u00e9 \u00e0 chaque client. En tant que fabricant solide et exp\u00e9riment\u00e9 de machines \u00e0 cornets de glace, nous pouvons \u00e9galement fournir \u00e0 nos clients le meilleur plan de traitement des cornets de glace en fonction de leur budget d\u2019investissement et de leurs besoins de production.<\/p>\t\t\t\t\t\t\t\t<\/div> \t\t\t\t\t<\/div> \t\t<\/div> \t\t\t\t<div class=\"elementor-column elementor-col-33 elementor-top-column elementor-element elementor-element-5771869e\" data-id=\"5771869e\" data-element_type=\"column\" data-e-type=\"column\"> \t\t\t<div class=\"elementor-widget-wrap elementor-element-populated\"> \t\t\t\t\t\t<div class=\"elementor-element elementor-element-7ef9f75d elementor-widget elementor-widget-image\" data-id=\"7ef9f75d\" data-element_type=\"widget\" data-e-type=\"widget\" data-widget_type=\"image.default\"> \t\t\t\t\t\t\t\t\t\t\t\t\t\t\t<img decoding=\"async\" width=\"720\" height=\"925\" src=\"https:\/\/icecream-cones.com\/wp-content\/uploads\/2020\/07\/welcome-to-visit-Taizy-ice-cream-cone-factory.jpg\" class=\"elementor-animation-grow attachment-full size-full wp-image-10462\" alt=\"bienvenue pour visiter l&#039;usine de cornets de glace Taizy\" srcset=\"https:\/\/icecream-cones.com\/wp-content\/uploads\/2020\/07\/welcome-to-visit-Taizy-ice-cream-cone-factory.jpg 720w, https:\/\/icecream-cones.com\/wp-content\/uploads\/2020\/07\/welcome-to-visit-Taizy-ice-cream-cone-factory-210x270.jpg 210w\" sizes=\"(max-width: 720px) 100vw, 720px\" \/>\t\t\t\t\t\t\t\t\t\t\t\t\t\t\t<\/div> \t\t\t\t\t<\/div> \t\t<\/div> \t\t\t\t\t<\/div> \t\t<\/section> \t\t\t\t<section class=\"elementor-section elementor-top-section elementor-element elementor-element-2f61e6fe elementor-section-content-middle elementor-section-boxed elementor-section-height-default elementor-section-height-default\" data-id=\"2f61e6fe\" data-element_type=\"section\" data-e-type=\"section\"> \t\t\t\t\t\t<div class=\"elementor-container elementor-column-gap-no\"> \t\t\t\t\t<div class=\"elementor-column elementor-col-50 elementor-top-column elementor-element elementor-element-39e63248\" data-id=\"39e63248\" data-element_type=\"column\" data-e-type=\"column\"> \t\t\t<div class=\"elementor-widget-wrap elementor-element-populated\"> \t\t\t\t\t\t<div class=\"elementor-element elementor-element-1d0df927 elementor-widget elementor-widget-text-editor\" data-id=\"1d0df927\" data-element_type=\"widget\" data-e-type=\"widget\" data-widget_type=\"text-editor.default\"> \t\t\t\t\t\t\t\t\t<p>Service client<\/p>\t\t\t\t\t\t\t\t<\/div> \t\t\t\t<div class=\"elementor-element elementor-element-2f063bb2 elementor-widget elementor-widget-heading\" data-id=\"2f063bb2\" data-element_type=\"widget\" data-e-type=\"widget\" data-widget_type=\"heading.default\"> \t\t\t\t\t<h3 class=\"elementor-heading-title elementor-size-default\">Pourquoi choisir Taizy ?<\/h3>\t\t\t\t<\/div> \t\t\t\t<div class=\"elementor-element elementor-element-15e503 elementor-widget-divider--view-line elementor-widget elementor-widget-divider\" data-id=\"15e503\" data-element_type=\"widget\" data-e-type=\"widget\" data-widget_type=\"divider.default\"> \t\t\t\t\t\t\t<div class=\"elementor-divider\"> \t\t\t<span class=\"elementor-divider-separator\"> \t\t\t\t\t\t<\/span> \t\t<\/div> \t\t\t\t\t\t<\/div> \t\t\t\t\t<\/div> \t\t<\/div> \t\t\t\t<div class=\"elementor-column elementor-col-50 elementor-top-column elementor-element elementor-element-4dc0e7b5\" data-id=\"4dc0e7b5\" data-element_type=\"column\" data-e-type=\"column\"> \t\t\t<div class=\"elementor-widget-wrap elementor-element-populated\"> \t\t\t\t\t\t<div class=\"elementor-element elementor-element-428310f9 elementor-position-inline-start elementor-view-default elementor-mobile-position-block-start elementor-widget elementor-widget-icon-box\" data-id=\"428310f9\" data-element_type=\"widget\" data-e-type=\"widget\" data-widget_type=\"icon-box.default\"> \t\t\t\t\t\t\t<div class=\"elementor-icon-box-wrapper\">  \t\t\t\t\t\t<div class=\"elementor-icon-box-icon\"> \t\t\t\t<span  class=\"elementor-icon elementor-animation-grow\"> \t\t\t\t<svg aria-hidden=\"true\" class=\"e-font-icon-svg e-fas-star\" viewbox=\"0 0 576 512\" xmlns=\"http:\/\/www.w3.org\/2000\/svg\"><path d=\"M259.3 17.8L194 150.2 47.9 171.5c-26.2 3.8-36.7 36.1-17.7 54.6l105.7 103-25 145.5c-4.5 26.3 23.2 46 46.4 33.7L288 439.6l130.7 68.7c23.2 12.2 50.9-7.4 46.4-33.7l-25-145.5 105.7-103c19-18.5 8.5-50.8-17.7-54.6L382 150.2 316.7 17.8c-11.7-23.6-45.6-23.9-57.4 0z\"><\/path><\/svg>\t\t\t\t<\/span> \t\t\t<\/div> \t\t\t \t\t\t\t\t\t<div class=\"elementor-icon-box-content\">  \t\t\t\t\t\t\t\t\t<h3 class=\"elementor-icon-box-title\"> \t\t\t\t\t\t<span  > \t\t\t\t\t\t\tR\u00e9ponse rapide et offres de solutions\t\t\t\t\t\t<\/span> \t\t\t\t\t<\/h3> \t\t\t\t \t\t\t\t\t\t\t\t\t<p class=\"elementor-icon-box-description\"> \t\t\t\t\t\tLorsque nous recevons la demande du client, nous lui r\u00e9pondrons d\u00e8s que possible, comprendrons ses besoins et recommanderons le mod\u00e8le de machine appropri\u00e9 et le plan de production complet en fonction des exigences du client.\t\t\t\t\t<\/p> \t\t\t\t \t\t\t<\/div> \t\t\t \t\t<\/div> \t\t\t\t\t\t<\/div> \t\t\t\t<div class=\"elementor-element elementor-element-7a50b73a elementor-position-inline-start elementor-view-default elementor-mobile-position-block-start elementor-widget elementor-widget-icon-box\" data-id=\"7a50b73a\" data-element_type=\"widget\" data-e-type=\"widget\" data-widget_type=\"icon-box.default\"> \t\t\t\t\t\t\t<div class=\"elementor-icon-box-wrapper\">  \t\t\t\t\t\t<div class=\"elementor-icon-box-icon\"> \t\t\t\t<span  class=\"elementor-icon elementor-animation-grow\"> \t\t\t\t<svg aria-hidden=\"true\" class=\"e-font-icon-svg e-fas-star\" viewbox=\"0 0 576 512\" xmlns=\"http:\/\/www.w3.org\/2000\/svg\"><path d=\"M259.3 17.8L194 150.2 47.9 171.5c-26.2 3.8-36.7 36.1-17.7 54.6l105.7 103-25 145.5c-4.5 26.3 23.2 46 46.4 33.7L288 439.6l130.7 68.7c23.2 12.2 50.9-7.4 46.4-33.7l-25-145.5 105.7-103c19-18.5 8.5-50.8-17.7-54.6L382 150.2 316.7 17.8c-11.7-23.6-45.6-23.9-57.4 0z\"><\/path><\/svg>\t\t\t\t<\/span> \t\t\t<\/div> \t\t\t \t\t\t\t\t\t<div class=\"elementor-icon-box-content\">  \t\t\t\t\t\t\t\t\t<h3 class=\"elementor-icon-box-title\"> \t\t\t\t\t\t<span  > \t\t\t\t\t\t\tN\u00e9gociation active et livraison dans les d\u00e9lais\t\t\t\t\t\t<\/span> \t\t\t\t\t<\/h3> \t\t\t\t \t\t\t\t\t\t\t\t\t<p class=\"elementor-icon-box-description\"> \t\t\t\t\t\tNous pouvons communiquer activement avec les clients et promouvoir la coop\u00e9ration sur les d\u00e9tails sp\u00e9cifiques de la machine \u00e0 cornets de glace et l'am\u00e9lioration du plan de production. Une fois que le client a pass\u00e9 la commande, nous garantirons la livraison \u00e0 temps dans le d\u00e9lai de livraison.\t\t\t\t\t<\/p> \t\t\t\t \t\t\t<\/div> \t\t\t \t\t<\/div> \t\t\t\t\t\t<\/div> \t\t\t\t<div class=\"elementor-element elementor-element-13139151 elementor-position-inline-start elementor-view-default elementor-mobile-position-block-start elementor-widget elementor-widget-icon-box\" data-id=\"13139151\" data-element_type=\"widget\" data-e-type=\"widget\" data-widget_type=\"icon-box.default\"> \t\t\t\t\t\t\t<div class=\"elementor-icon-box-wrapper\">  \t\t\t\t\t\t<div class=\"elementor-icon-box-icon\"> \t\t\t\t<span  class=\"elementor-icon elementor-animation-grow\"> \t\t\t\t<svg aria-hidden=\"true\" class=\"e-font-icon-svg e-fas-star\" viewbox=\"0 0 576 512\" xmlns=\"http:\/\/www.w3.org\/2000\/svg\"><path d=\"M259.3 17.8L194 150.2 47.9 171.5c-26.2 3.8-36.7 36.1-17.7 54.6l105.7 103-25 145.5c-4.5 26.3 23.2 46 46.4 33.7L288 439.6l130.7 68.7c23.2 12.2 50.9-7.4 46.4-33.7l-25-145.5 105.7-103c19-18.5 8.5-50.8-17.7-54.6L382 150.2 316.7 17.8c-11.7-23.6-45.6-23.9-57.4 0z\"><\/path><\/svg>\t\t\t\t<\/span> \t\t\t<\/div> \t\t\t \t\t\t\t\t\t<div class=\"elementor-icon-box-content\">  \t\t\t\t\t\t\t\t\t<h3 class=\"elementor-icon-box-title\"> \t\t\t\t\t\t<span  > \t\t\t\t\t\t\tService apr\u00e8s-vente intime\t\t\t\t\t\t<\/span> \t\t\t\t\t<\/h3> \t\t\t\t \t\t\t\t\t\t\t\t\t<p class=\"elementor-icon-box-description\"> \t\t\t\t\t\tNous fournirons aux clients des informations techniques d\u00e9taill\u00e9es et compl\u00e8tes, telles que les param\u00e8tres de la machine, les instructions d'utilisation, les instructions de maintenance, les pi\u00e8ces de rechange, les vid\u00e9os d'instructions sur le fonctionnement et l'installation de la machine, etc., pour aider les clients \u00e0 comprendre l'utilisation correcte de la machine et \u00e0 la mettre en production. d\u00e8s que possible.\t\t\t\t\t<\/p> \t\t\t\t \t\t\t<\/div> \t\t\t \t\t<\/div> \t\t\t\t\t\t<\/div> \t\t\t\t\t<\/div> \t\t<\/div> \t\t\t\t\t<\/div> \t\t<\/section> \t\t\t\t<\/div>","protected":false},"excerpt":{"rendered":"<p>Taizy Machinery Co.,Ltd. Taizy profile About Taizy Company Taizy machinery was established in 2011 and currently has a professional machinery manufacturing team and sales team. Taizy group is committed to providing sincere service and high-quality products to every customer. As a strong and experienced ice cream cone machine manufacturer, we can also provide customers with [&hellip;]<\/p>\n","protected":false},"author":1,"featured_media":0,"parent":0,"menu_order":0,"comment_status":"closed","ping_status":"closed","template":"","meta":{"footnotes":""},"class_list":["post-10226","page","type-page","status-publish","hentry"],"_links":{"self":[{"href":"https:\/\/icecream-cones.com\/fr\/wp-json\/wp\/v2\/pages\/10226","targetHints":{"allow":["GET"]}}],"collection":[{"href":"https:\/\/icecream-cones.com\/fr\/wp-json\/wp\/v2\/pages"}],"about":[{"href":"https:\/\/icecream-cones.com\/fr\/wp-json\/wp\/v2\/types\/page"}],"author":[{"embeddable":true,"href":"https:\/\/icecream-cones.com\/fr\/wp-json\/wp\/v2\/users\/1"}],"replies":[{"embeddable":true,"href":"https:\/\/icecream-cones.com\/fr\/wp-json\/wp\/v2\/comments?post=10226"}],"version-history":[{"count":0,"href":"https:\/\/icecream-cones.com\/fr\/wp-json\/wp\/v2\/pages\/10226\/revisions"}],"wp:attachment":[{"href":"https:\/\/icecream-cones.com\/fr\/wp-json\/wp\/v2\/media?parent=10226"}],"curies":[{"name":"wp","href":"https:\/\/api.w.org\/{rel}","templated":true}]}}