{"id":10226,"date":"2020-07-25T03:25:24","date_gmt":"2020-07-25T03:25:24","guid":{"rendered":"https:\/\/icecream-cones.com\/?page_id=10226"},"modified":"2020-07-31T03:41:19","modified_gmt":"2020-07-31T03:41:19","slug":"about-us","status":"publish","type":"page","link":"https:\/\/icecream-cones.com\/pt\/about-us\/","title":{"rendered":"Sobre n\u00f3s"},"content":{"rendered":"<div data-elementor-type=\"wp-page\" data-elementor-id=\"10226\" class=\"elementor elementor-10226\" data-elementor-post-type=\"page\"> \t\t\t\t\t\t<section class=\"elementor-section elementor-top-section elementor-element elementor-element-7cfb110 elementor-section-boxed elementor-section-height-default elementor-section-height-default\" data-id=\"7cfb110\" data-element_type=\"section\" data-e-type=\"section\"> \t\t\t\t\t\t<div class=\"elementor-container elementor-column-gap-default\"> \t\t\t\t\t<div class=\"elementor-column elementor-col-100 elementor-top-column elementor-element elementor-element-9e833ec\" data-id=\"9e833ec\" data-element_type=\"column\" data-e-type=\"column\"> \t\t\t<div class=\"elementor-widget-wrap elementor-element-populated\"> \t\t\t\t\t\t<div class=\"elementor-element elementor-element-34f649a elementor-widget elementor-widget-heading\" data-id=\"34f649a\" data-element_type=\"widget\" data-e-type=\"widget\" data-widget_type=\"heading.default\"> \t\t\t\t\t<h2 class=\"elementor-heading-title elementor-size-default\">M\u00e1quinas Taizy Co., Ltd.<\/h2>\t\t\t\t<\/div> \t\t\t\t\t<\/div> \t\t<\/div> \t\t\t\t\t<\/div> \t\t<\/section> \t\t\t\t<section class=\"elementor-section elementor-top-section elementor-element elementor-element-1d25c4d8 elementor-section-content-middle elementor-section-boxed elementor-section-height-default elementor-section-height-default\" data-id=\"1d25c4d8\" data-element_type=\"section\" data-e-type=\"section\"> \t\t\t\t\t\t<div class=\"elementor-container elementor-column-gap-no\"> \t\t\t\t\t<div class=\"elementor-column elementor-col-33 elementor-top-column elementor-element elementor-element-52397aad\" data-id=\"52397aad\" data-element_type=\"column\" data-e-type=\"column\"> \t\t\t<div class=\"elementor-widget-wrap elementor-element-populated\"> \t\t\t\t\t\t<div class=\"elementor-element elementor-element-780c5915 elementor-widget elementor-widget-text-editor\" data-id=\"780c5915\" data-element_type=\"widget\" data-e-type=\"widget\" data-widget_type=\"text-editor.default\"> \t\t\t\t\t\t\t\t\t<p>Perfil de Taizy<\/p>\t\t\t\t\t\t\t\t<\/div> \t\t\t\t<div class=\"elementor-element elementor-element-55197716 elementor-widget elementor-widget-heading\" data-id=\"55197716\" data-element_type=\"widget\" data-e-type=\"widget\" data-widget_type=\"heading.default\"> \t\t\t\t\t<h3 class=\"elementor-heading-title elementor-size-default\">Sobre Taizy Company<\/h3>\t\t\t\t<\/div> \t\t\t\t<div class=\"elementor-element elementor-element-83c5e95 elementor-widget elementor-widget-image\" data-id=\"83c5e95\" data-element_type=\"widget\" data-e-type=\"widget\" data-widget_type=\"image.default\"> \t\t\t\t\t\t\t\t\t\t\t\t\t\t\t<img fetchpriority=\"high\" decoding=\"async\" width=\"1707\" height=\"2560\" src=\"https:\/\/icecream-cones.com\/wp-content\/uploads\/2020\/07\/Taizy-company-building-scaled.jpg\" class=\"elementor-animation-grow attachment-large size-large wp-image-10426\" alt=\"Edif\u00edcio da empresa Taizy\" srcset=\"https:\/\/icecream-cones.com\/wp-content\/uploads\/2020\/07\/Taizy-company-building-scaled.jpg 1707w, https:\/\/icecream-cones.com\/wp-content\/uploads\/2020\/07\/Taizy-company-building-180x270.jpg 180w, https:\/\/icecream-cones.com\/wp-content\/uploads\/2020\/07\/Taizy-company-building-768x1152.jpg 768w, https:\/\/icecream-cones.com\/wp-content\/uploads\/2020\/07\/Taizy-company-building-1024x1536.jpg 1024w, https:\/\/icecream-cones.com\/wp-content\/uploads\/2020\/07\/Taizy-company-building-1365x2048.jpg 1365w\" sizes=\"(max-width: 1707px) 100vw, 1707px\" \/>\t\t\t\t\t\t\t\t\t\t\t\t\t\t\t<\/div> \t\t\t\t\t<\/div> \t\t<\/div> \t\t\t\t<div class=\"elementor-column elementor-col-33 elementor-top-column elementor-element elementor-element-2593ae3f\" data-id=\"2593ae3f\" data-element_type=\"column\" data-e-type=\"column\"> \t\t\t<div class=\"elementor-widget-wrap elementor-element-populated\"> \t\t\t\t\t\t<div class=\"elementor-element elementor-element-ed6c65b elementor-widget elementor-widget-image\" data-id=\"ed6c65b\" data-element_type=\"widget\" data-e-type=\"widget\" data-widget_type=\"image.default\"> \t\t\t\t\t\t\t\t\t\t\t\t\t\t\t<img decoding=\"async\" width=\"600\" height=\"800\" src=\"https:\/\/icecream-cones.com\/wp-content\/uploads\/2020\/07\/Taizy-ice-cream-cone-machine-fatory.jpg\" class=\"elementor-animation-grow attachment-large size-large wp-image-10428\" alt=\"M\u00e1quina de casquinha de sorvete Taizy fatory\" srcset=\"https:\/\/icecream-cones.com\/wp-content\/uploads\/2020\/07\/Taizy-ice-cream-cone-machine-fatory.jpg 600w, https:\/\/icecream-cones.com\/wp-content\/uploads\/2020\/07\/Taizy-ice-cream-cone-machine-fatory-203x270.jpg 203w\" sizes=\"(max-width: 600px) 100vw, 600px\" \/>\t\t\t\t\t\t\t\t\t\t\t\t\t\t\t<\/div> \t\t\t\t<div class=\"elementor-element elementor-element-567093f1 elementor-widget elementor-widget-text-editor\" data-id=\"567093f1\" data-element_type=\"widget\" data-e-type=\"widget\" data-widget_type=\"text-editor.default\"> \t\t\t\t\t\t\t\t\t<p><br \/>A maquinaria Taizy foi fundada em 2011 e atualmente conta com uma equipe profissional de fabrica\u00e7\u00e3o de m\u00e1quinas e uma equipe de vendas. O grupo Taizy est\u00e1 comprometido em fornecer servi\u00e7os sinceros e produtos de alta qualidade a cada cliente. Como um fabricante forte e experiente de m\u00e1quinas de casquinha de sorvete, tamb\u00e9m podemos fornecer aos clientes o melhor plano de processamento de casquinha de sorvete de acordo com o or\u00e7amento de investimento e as necessidades de produ\u00e7\u00e3o do cliente.<\/p>\t\t\t\t\t\t\t\t<\/div> \t\t\t\t\t<\/div> \t\t<\/div> \t\t\t\t<div class=\"elementor-column elementor-col-33 elementor-top-column elementor-element elementor-element-5771869e\" data-id=\"5771869e\" data-element_type=\"column\" data-e-type=\"column\"> \t\t\t<div class=\"elementor-widget-wrap elementor-element-populated\"> \t\t\t\t\t\t<div class=\"elementor-element elementor-element-7ef9f75d elementor-widget elementor-widget-image\" data-id=\"7ef9f75d\" data-element_type=\"widget\" data-e-type=\"widget\" data-widget_type=\"image.default\"> \t\t\t\t\t\t\t\t\t\t\t\t\t\t\t<img decoding=\"async\" width=\"720\" height=\"925\" src=\"https:\/\/icecream-cones.com\/wp-content\/uploads\/2020\/07\/welcome-to-visit-Taizy-ice-cream-cone-factory.jpg\" class=\"elementor-animation-grow attachment-full size-full wp-image-10462\" alt=\"bem-vindo para visitar a f\u00e1brica de casquinha de sorvete Taizy\" srcset=\"https:\/\/icecream-cones.com\/wp-content\/uploads\/2020\/07\/welcome-to-visit-Taizy-ice-cream-cone-factory.jpg 720w, https:\/\/icecream-cones.com\/wp-content\/uploads\/2020\/07\/welcome-to-visit-Taizy-ice-cream-cone-factory-210x270.jpg 210w\" sizes=\"(max-width: 720px) 100vw, 720px\" \/>\t\t\t\t\t\t\t\t\t\t\t\t\t\t\t<\/div> \t\t\t\t\t<\/div> \t\t<\/div> \t\t\t\t\t<\/div> \t\t<\/section> \t\t\t\t<section class=\"elementor-section elementor-top-section elementor-element elementor-element-2f61e6fe elementor-section-content-middle elementor-section-boxed elementor-section-height-default elementor-section-height-default\" data-id=\"2f61e6fe\" data-element_type=\"section\" data-e-type=\"section\"> \t\t\t\t\t\t<div class=\"elementor-container elementor-column-gap-no\"> \t\t\t\t\t<div class=\"elementor-column elementor-col-50 elementor-top-column elementor-element elementor-element-39e63248\" data-id=\"39e63248\" data-element_type=\"column\" data-e-type=\"column\"> \t\t\t<div class=\"elementor-widget-wrap elementor-element-populated\"> \t\t\t\t\t\t<div class=\"elementor-element elementor-element-1d0df927 elementor-widget elementor-widget-text-editor\" data-id=\"1d0df927\" data-element_type=\"widget\" data-e-type=\"widget\" data-widget_type=\"text-editor.default\"> \t\t\t\t\t\t\t\t\t<p>Atendimento ao Cliente<\/p>\t\t\t\t\t\t\t\t<\/div> \t\t\t\t<div class=\"elementor-element elementor-element-2f063bb2 elementor-widget elementor-widget-heading\" data-id=\"2f063bb2\" data-element_type=\"widget\" data-e-type=\"widget\" data-widget_type=\"heading.default\"> \t\t\t\t\t<h3 class=\"elementor-heading-title elementor-size-default\">Por que escolher Taizy?<\/h3>\t\t\t\t<\/div> \t\t\t\t<div class=\"elementor-element elementor-element-15e503 elementor-widget-divider--view-line elementor-widget elementor-widget-divider\" data-id=\"15e503\" data-element_type=\"widget\" data-e-type=\"widget\" data-widget_type=\"divider.default\"> \t\t\t\t\t\t\t<div class=\"elementor-divider\"> \t\t\t<span class=\"elementor-divider-separator\"> \t\t\t\t\t\t<\/span> \t\t<\/div> \t\t\t\t\t\t<\/div> \t\t\t\t\t<\/div> \t\t<\/div> \t\t\t\t<div class=\"elementor-column elementor-col-50 elementor-top-column elementor-element elementor-element-4dc0e7b5\" data-id=\"4dc0e7b5\" data-element_type=\"column\" data-e-type=\"column\"> \t\t\t<div class=\"elementor-widget-wrap elementor-element-populated\"> \t\t\t\t\t\t<div class=\"elementor-element elementor-element-428310f9 elementor-position-inline-start elementor-view-default elementor-mobile-position-block-start elementor-widget elementor-widget-icon-box\" data-id=\"428310f9\" data-element_type=\"widget\" data-e-type=\"widget\" data-widget_type=\"icon-box.default\"> \t\t\t\t\t\t\t<div class=\"elementor-icon-box-wrapper\">  \t\t\t\t\t\t<div class=\"elementor-icon-box-icon\"> \t\t\t\t<span  class=\"elementor-icon elementor-animation-grow\"> \t\t\t\t<svg aria-hidden=\"true\" class=\"e-font-icon-svg e-fas-star\" viewbox=\"0 0 576 512\" xmlns=\"http:\/\/www.w3.org\/2000\/svg\"><path d=\"M259.3 17.8L194 150.2 47.9 171.5c-26.2 3.8-36.7 36.1-17.7 54.6l105.7 103-25 145.5c-4.5 26.3 23.2 46 46.4 33.7L288 439.6l130.7 68.7c23.2 12.2 50.9-7.4 46.4-33.7l-25-145.5 105.7-103c19-18.5 8.5-50.8-17.7-54.6L382 150.2 316.7 17.8c-11.7-23.6-45.6-23.9-57.4 0z\"><\/path><\/svg>\t\t\t\t<\/span> \t\t\t<\/div> \t\t\t \t\t\t\t\t\t<div class=\"elementor-icon-box-content\">  \t\t\t\t\t\t\t\t\t<h3 class=\"elementor-icon-box-title\"> \t\t\t\t\t\t<span  > \t\t\t\t\t\t\tResposta R\u00e1pida &amp; Oferecer Solu\u00e7\u00f5es\t\t\t\t\t\t<\/span> \t\t\t\t\t<\/h3> \t\t\t\t \t\t\t\t\t\t\t\t\t<p class=\"elementor-icon-box-description\"> \t\t\t\t\t\tQuando recebermos a consulta do cliente, responderemos ao cliente o mais r\u00e1pido poss\u00edvel, entenderemos as necessidades do cliente e recomendaremos o modelo de m\u00e1quina apropriado e completaremos o plano de produ\u00e7\u00e3o de acordo com as necessidades do cliente.\t\t\t\t\t<\/p> \t\t\t\t \t\t\t<\/div> \t\t\t \t\t<\/div> \t\t\t\t\t\t<\/div> \t\t\t\t<div class=\"elementor-element elementor-element-7a50b73a elementor-position-inline-start elementor-view-default elementor-mobile-position-block-start elementor-widget elementor-widget-icon-box\" data-id=\"7a50b73a\" data-element_type=\"widget\" data-e-type=\"widget\" data-widget_type=\"icon-box.default\"> \t\t\t\t\t\t\t<div class=\"elementor-icon-box-wrapper\">  \t\t\t\t\t\t<div class=\"elementor-icon-box-icon\"> \t\t\t\t<span  class=\"elementor-icon elementor-animation-grow\"> \t\t\t\t<svg aria-hidden=\"true\" class=\"e-font-icon-svg e-fas-star\" viewbox=\"0 0 576 512\" xmlns=\"http:\/\/www.w3.org\/2000\/svg\"><path d=\"M259.3 17.8L194 150.2 47.9 171.5c-26.2 3.8-36.7 36.1-17.7 54.6l105.7 103-25 145.5c-4.5 26.3 23.2 46 46.4 33.7L288 439.6l130.7 68.7c23.2 12.2 50.9-7.4 46.4-33.7l-25-145.5 105.7-103c19-18.5 8.5-50.8-17.7-54.6L382 150.2 316.7 17.8c-11.7-23.6-45.6-23.9-57.4 0z\"><\/path><\/svg>\t\t\t\t<\/span> \t\t\t<\/div> \t\t\t \t\t\t\t\t\t<div class=\"elementor-icon-box-content\">  \t\t\t\t\t\t\t\t\t<h3 class=\"elementor-icon-box-title\"> \t\t\t\t\t\t<span  > \t\t\t\t\t\t\tNegocia\u00e7\u00e3o Ativa &amp; Entrega Oportuna\t\t\t\t\t\t<\/span> \t\t\t\t\t<\/h3> \t\t\t\t \t\t\t\t\t\t\t\t\t<p class=\"elementor-icon-box-description\"> \t\t\t\t\t\tPodemos nos comunicar ativamente com os clientes e promover a coopera\u00e7\u00e3o nos detalhes espec\u00edficos da m\u00e1quina de casquinha de sorvete e na melhoria do plano de produ\u00e7\u00e3o. Ap\u00f3s o cliente fazer o pedido, garantiremos a entrega no prazo dentro do prazo de entrega.\t\t\t\t\t<\/p> \t\t\t\t \t\t\t<\/div> \t\t\t \t\t<\/div> \t\t\t\t\t\t<\/div> \t\t\t\t<div class=\"elementor-element elementor-element-13139151 elementor-position-inline-start elementor-view-default elementor-mobile-position-block-start elementor-widget elementor-widget-icon-box\" data-id=\"13139151\" data-element_type=\"widget\" data-e-type=\"widget\" data-widget_type=\"icon-box.default\"> \t\t\t\t\t\t\t<div class=\"elementor-icon-box-wrapper\">  \t\t\t\t\t\t<div class=\"elementor-icon-box-icon\"> \t\t\t\t<span  class=\"elementor-icon elementor-animation-grow\"> \t\t\t\t<svg aria-hidden=\"true\" class=\"e-font-icon-svg e-fas-star\" viewbox=\"0 0 576 512\" xmlns=\"http:\/\/www.w3.org\/2000\/svg\"><path d=\"M259.3 17.8L194 150.2 47.9 171.5c-26.2 3.8-36.7 36.1-17.7 54.6l105.7 103-25 145.5c-4.5 26.3 23.2 46 46.4 33.7L288 439.6l130.7 68.7c23.2 12.2 50.9-7.4 46.4-33.7l-25-145.5 105.7-103c19-18.5 8.5-50.8-17.7-54.6L382 150.2 316.7 17.8c-11.7-23.6-45.6-23.9-57.4 0z\"><\/path><\/svg>\t\t\t\t<\/span> \t\t\t<\/div> \t\t\t \t\t\t\t\t\t<div class=\"elementor-icon-box-content\">  \t\t\t\t\t\t\t\t\t<h3 class=\"elementor-icon-box-title\"> \t\t\t\t\t\t<span  > \t\t\t\t\t\t\tServi\u00e7o p\u00f3s-venda \u00edntimo\t\t\t\t\t\t<\/span> \t\t\t\t\t<\/h3> \t\t\t\t \t\t\t\t\t\t\t\t\t<p class=\"elementor-icon-box-description\"> \t\t\t\t\t\tForneceremos aos clientes informa\u00e7\u00f5es t\u00e9cnicas detalhadas e abrangentes, como par\u00e2metros da m\u00e1quina, instru\u00e7\u00f5es de opera\u00e7\u00e3o, instru\u00e7\u00f5es de manuten\u00e7\u00e3o, pe\u00e7as de reposi\u00e7\u00e3o, v\u00eddeos de instru\u00e7\u00f5es de opera\u00e7\u00e3o e instala\u00e7\u00e3o da m\u00e1quina, etc., para ajudar os clientes a compreender o uso correto da m\u00e1quina e coloc\u00e1-la em produ\u00e7\u00e3o O mais breve poss\u00edvel.\t\t\t\t\t<\/p> \t\t\t\t \t\t\t<\/div> \t\t\t \t\t<\/div> \t\t\t\t\t\t<\/div> \t\t\t\t\t<\/div> \t\t<\/div> \t\t\t\t\t<\/div> \t\t<\/section> \t\t\t\t<\/div>","protected":false},"excerpt":{"rendered":"<p>Taizy Machinery Co.,Ltd. Taizy profile About Taizy Company Taizy machinery was established in 2011 and currently has a professional machinery manufacturing team and sales team. Taizy group is committed to providing sincere service and high-quality products to every customer. As a strong and experienced ice cream cone machine manufacturer, we can also provide customers with [&hellip;]<\/p>\n","protected":false},"author":1,"featured_media":0,"parent":0,"menu_order":0,"comment_status":"closed","ping_status":"closed","template":"","meta":{"footnotes":""},"class_list":["post-10226","page","type-page","status-publish","hentry"],"_links":{"self":[{"href":"https:\/\/icecream-cones.com\/pt\/wp-json\/wp\/v2\/pages\/10226","targetHints":{"allow":["GET"]}}],"collection":[{"href":"https:\/\/icecream-cones.com\/pt\/wp-json\/wp\/v2\/pages"}],"about":[{"href":"https:\/\/icecream-cones.com\/pt\/wp-json\/wp\/v2\/types\/page"}],"author":[{"embeddable":true,"href":"https:\/\/icecream-cones.com\/pt\/wp-json\/wp\/v2\/users\/1"}],"replies":[{"embeddable":true,"href":"https:\/\/icecream-cones.com\/pt\/wp-json\/wp\/v2\/comments?post=10226"}],"version-history":[{"count":0,"href":"https:\/\/icecream-cones.com\/pt\/wp-json\/wp\/v2\/pages\/10226\/revisions"}],"wp:attachment":[{"href":"https:\/\/icecream-cones.com\/pt\/wp-json\/wp\/v2\/media?parent=10226"}],"curies":[{"name":"wp","href":"https:\/\/api.w.org\/{rel}","templated":true}]}}